{"id":1613,"date":"2026-01-21T02:08:59","date_gmt":"2026-01-21T02:08:59","guid":{"rendered":"https:\/\/mayafuerte.com.mx\/?page_id=1613"},"modified":"2026-01-21T02:30:10","modified_gmt":"2026-01-21T02:30:10","slug":"privacy","status":"publish","type":"page","link":"https:\/\/mayafuerte.com.mx\/?page_id=1613","title":{"rendered":"Privacy"},"content":{"rendered":"\t\t<div data-elementor-type=\"wp-page\" data-elementor-id=\"1613\" class=\"elementor elementor-1613\" data-elementor-post-type=\"page\">\n\t\t\t\t<div class=\"elementor-element elementor-element-67922da e-flex e-con-boxed e-con e-parent\" data-id=\"67922da\" data-element_type=\"container\" data-e-type=\"container\">\n\t\t\t\t\t<div class=\"e-con-inner\">\n\t\t\t\t<div class=\"elementor-element elementor-element-fc3fc1b elementor-widget elementor-widget-heading\" data-id=\"fc3fc1b\" data-element_type=\"widget\" data-e-type=\"widget\" data-widget_type=\"heading.default\">\n\t\t\t\t\t<h2 class=\"elementor-heading-title elementor-size-default\">AVISO DE PRIVACIDAD<\/h2>\t\t\t\t<\/div>\n\t\t\t\t<div class=\"elementor-element elementor-element-97f41ff elementor-widget elementor-widget-text-editor\" data-id=\"97f41ff\" data-element_type=\"widget\" data-e-type=\"widget\" data-widget_type=\"text-editor.default\">\n\t\t\t\t\t\t\t\t\t<p dir=\"auto\">MayaFuerte, es responsable del tratamiento de sus datos personales.<\/p><p dir=\"auto\"><strong>Datos que recabamos:<\/strong><\/p><ul dir=\"auto\"><li>Nombre<\/li><li>Correo electr\u00f3nico<\/li><li>Tel\u00e9fono \/ WhatsApp<\/li><li>Informaci\u00f3n sobre su proyecto (lo que nos escriba)<\/li><\/ul><p dir=\"auto\"><strong>Para qu\u00e9 los usamos:<\/strong><\/p><ul dir=\"auto\"><li>Responder sus consultas y cotizaciones<\/li><li>Contactarlo para asesor\u00edas, visitas o servicios<\/li><\/ul><p dir=\"auto\"><strong>No usamos sus datos para publicidad<\/strong> a menos que usted lo autorice.<\/p><p dir=\"auto\"><strong>Transferencias:<\/strong> No compartimos sus datos con terceros, salvo obligaci\u00f3n legal o cuando sea necesario para prestar el servicio (ej. instaladores), siempre con confidencialidad.<\/p><p dir=\"auto\"><strong>Sus derechos (ARCO):<\/strong> Puede acceder, rectificar, cancelar u oponerse al uso de sus datos.<\/p><p dir=\"auto\">Responderemos en m\u00e1ximo 20 d\u00edas h\u00e1biles.<\/p><p dir=\"auto\"><strong>Cambios:<\/strong> Este aviso puede actualizarse. Lo publicaremos aqu\u00ed.<\/p><p dir=\"auto\">Al enviarnos sus datos, usted acepta este aviso.<\/p>\t\t\t\t\t\t\t\t<\/div>\n\t\t\t\t\t<\/div>\n\t\t\t\t<\/div>\n\t\t\t\t<\/div>\n\t\t","protected":false},"excerpt":{"rendered":"<p>Aviso de privacidad <\/p>\n","protected":false},"author":1,"featured_media":0,"parent":0,"menu_order":0,"comment_status":"closed","ping_status":"closed","template":"","meta":{"footnotes":""},"class_list":["post-1613","page","type-page","status-publish","hentry"],"_links":{"self":[{"href":"https:\/\/mayafuerte.com.mx\/index.php?rest_route=\/wp\/v2\/pages\/1613","targetHints":{"allow":["GET"]}}],"collection":[{"href":"https:\/\/mayafuerte.com.mx\/index.php?rest_route=\/wp\/v2\/pages"}],"about":[{"href":"https:\/\/mayafuerte.com.mx\/index.php?rest_route=\/wp\/v2\/types\/page"}],"author":[{"embeddable":true,"href":"https:\/\/mayafuerte.com.mx\/index.php?rest_route=\/wp\/v2\/users\/1"}],"replies":[{"embeddable":true,"href":"https:\/\/mayafuerte.com.mx\/index.php?rest_route=%2Fwp%2Fv2%2Fcomments&post=1613"}],"version-history":[{"count":13,"href":"https:\/\/mayafuerte.com.mx\/index.php?rest_route=\/wp\/v2\/pages\/1613\/revisions"}],"predecessor-version":[{"id":1627,"href":"https:\/\/mayafuerte.com.mx\/index.php?rest_route=\/wp\/v2\/pages\/1613\/revisions\/1627"}],"wp:attachment":[{"href":"https:\/\/mayafuerte.com.mx\/index.php?rest_route=%2Fwp%2Fv2%2Fmedia&parent=1613"}],"curies":[{"name":"wp","href":"https:\/\/api.w.org\/{rel}","templated":true}]}}